{"id":200,"date":"2025-04-03T14:58:01","date_gmt":"2025-04-03T14:58:01","guid":{"rendered":"https:\/\/weinundkultur.eu\/at\/?page_id=200"},"modified":"2025-09-07T10:43:43","modified_gmt":"2025-09-07T10:43:43","slug":"degustiamo-vino-autentico-vienna-2025","status":"publish","type":"page","link":"https:\/\/weinundkultur.eu\/at\/degustiamo-vino-autentico-vienna-2025\/","title":{"rendered":"Degustiamo Vino Autentico &#8211; EVENTO Mo. 28. Apr. 2025"},"content":{"rendered":"\n<p class=\"has-medium-font-size\"><strong>Genu\u00dfveranstaltung mit 13 italienischen Winzer-Innen, Buffet und aperitivi in Wien &#8211; Urlaub in der Villa Liverzano und Doppelmagnum zu gewinnen!<\/strong><\/p>\n\n\n\n<p class=\"has-small-font-size\">Eine exklusive Genussveranstaltung mit 13 Winzer-innen aus ganz Italien erwartet Sie am Mo. 28.4. im Ristorante il Cavalluccio im Zentrum von Wien! Genie\u00dfen Sie gemeinsam mit den Produzent-Innen Weine aus den prominentesten Weinbaugebieten Italiens, von Friaul bis Sizlien: Franciacorta, Etna und Amarone sind nur einige der Highlights. K\u00f6stlich kombiniert mit Focaccia, Prosciutto, Grana und anderen Aperitivi!<\/p>\n\n\n\n<div class=\"wp-block-columns is-layout-flex wp-container-core-columns-is-layout-d0b3c9c8 wp-block-columns-is-layout-flex\">\n<div class=\"wp-block-column is-layout-flow wp-block-column-is-layout-flow\">\n<p class=\"has-medium-font-size\"><strong>Datum und Uhrzeit<\/strong><\/p>\n\n\n\n<p class=\"has-small-font-size\">Mo. 28. Apr. 2025 <br>12:00 &#8211; 20:00 MESZ<\/p>\n\n\n\n<p>12-17 Uhr: Verkostung f\u00fcr Fachbesucher aus Weinhandel und Gastronomie<br>17-20 Uhr: Exklusive Genussveranstaltung \u2013 Eintritt 48 \u20ac<\/p>\n\n\n\n<p class=\"has-medium-font-size\"><strong>Veranstaltungsort<\/strong><\/p>\n\n\n\n<p class=\"has-small-font-size\"><strong>Ristorante il Cavalluccio<br><\/strong>2 G\u00f6ttweihergasse <br>1010 Wien <br>Austria<\/p>\n<\/div>\n\n\n\n<div class=\"wp-block-column is-layout-flow wp-block-column-is-layout-flow\">\n<div class=\"wp-block-webfactory-map\"><div class=\"wp-block-webfactory-map\"><\/div><\/div>\n<\/div>\n<\/div>\n\n\n\n<p class=\"has-medium-font-size\"><strong>Mit dabei:<\/strong><\/p>\n\n\n\n<p class=\"has-small-font-size\"><strong>Friuli Venezia Giulia:<\/strong> Ronco Margherita (bio), Tiare; <strong>Veneto:<\/strong> Buglioni (bio); <strong>Lombardia<\/strong>: La Montina; <strong>Emilia Romagna<\/strong>: Villa Liverzano (bio); <strong>Toscana<\/strong>: Tenuta Casenuove (bio), Gualandi (bio); <strong>Lazio<\/strong>: L\u00b4&#8217;Olivella (bio); <strong>Puglia<\/strong>: Petrelli; <strong>Campania<\/strong>: Bosco de Medici; <strong>Sicilia<\/strong>: Feudo Disisa, Terre Segrete, Gorghi Tondi (bio); <strong>\u00d6sterreich<\/strong>: Schloss Maissau, Stift G\u00f6ttweig<\/p>\n\n\n\n<p class=\"has-small-font-size\">Italienische Aperitivi von <strong>Spirits &amp; Co<\/strong>. stehen auch am Programm. Alle Weine k\u00f6nnen vom Weinh\u00e4ndler &#8222;Vino Autentico&#8220; im Ristorante il Cavalluccio erworben werden, die Liste der Aussteller wird st\u00e4ndig aktualisiert.<\/p>\n\n\n\n<p class=\"has-custom-wuk-red-color has-text-color has-link-color has-small-font-size wp-elements-ca966eb7b9bdcf5153378cae8413463a\"><strong>17-20 Uhr: Exklusive Genussveranstaltung<\/strong> &#8211; <strong>Eintritt 48 \u20ac<\/strong><\/p>\n\n\n\n<p class=\"has-small-font-size\"><strong>Karten bitte hier online erwerben: <a href=\"https:\/\/Degustiamo-vino-autentico2025.eventbrite.at\">https:\/\/Degustiamo-vino-autentico2025.eventbrite.at<\/a><\/strong><\/p>\n\n\n\n<p class=\"has-small-font-size\"><strong>G\u00e4steanzahl begrenzt (max. 40): Focaccia, Prosciutto &amp; Formaggio, Verkostung aller vorgestellten Weine und Spirits!<\/strong><\/p>\n\n\n\n<p class=\"has-medium-font-size\"><strong>Gewinnspiel<\/strong><\/p>\n\n\n\n<p class=\"has-small-font-size\">Unter den zahlenden G\u00e4sten wird ein Wochenend-Urlaub am Weingut Villa Liverzano in der Emilia Romagna sowie eine Doppelmagnum DON verlost!<\/p>\n\n\n\n<p class=\"has-small-font-size\">Wir freuen uns auf einen gemeinsamen Genussabend!<\/p>\n\n\n\n<p class=\"has-small-font-size\"><strong>Marina Rebora, Christian Bauer und Josef Maria Schuster &#8211; Vino Autentico<\/strong><\/p>\n\n\n\n<p class=\"has-small-font-size\">Tel. 0699 19478171<\/p>\n\n\n\n<figure class=\"wp-block-gallery has-nested-images columns-default is-cropped wp-block-gallery-1 is-layout-flex wp-block-gallery-is-layout-flex\">\n<figure class=\"wp-block-image size-large\"><img fetchpriority=\"high\" decoding=\"async\" width=\"1024\" height=\"683\" data-id=\"212\" src=\"https:\/\/weinundkultur.eu\/at\/wp-content\/uploads\/sites\/2\/2025\/04\/https___cdn.evbuc_.com_images_975954303_177077089162_1_original-1024x683.jpg\" alt=\"\" class=\"wp-image-212\" srcset=\"https:\/\/weinundkultur.eu\/at\/wp-content\/uploads\/sites\/2\/2025\/04\/https___cdn.evbuc_.com_images_975954303_177077089162_1_original-1024x683.jpg 1024w, https:\/\/weinundkultur.eu\/at\/wp-content\/uploads\/sites\/2\/2025\/04\/https___cdn.evbuc_.com_images_975954303_177077089162_1_original-300x200.jpg 300w, https:\/\/weinundkultur.eu\/at\/wp-content\/uploads\/sites\/2\/2025\/04\/https___cdn.evbuc_.com_images_975954303_177077089162_1_original-768x512.jpg 768w, https:\/\/weinundkultur.eu\/at\/wp-content\/uploads\/sites\/2\/2025\/04\/https___cdn.evbuc_.com_images_975954303_177077089162_1_original.jpg 1109w\" sizes=\"(max-width: 1024px) 100vw, 1024px\" \/><\/figure>\n\n\n\n<figure class=\"wp-block-image size-large\"><img decoding=\"async\" width=\"1024\" height=\"683\" data-id=\"211\" src=\"https:\/\/weinundkultur.eu\/at\/wp-content\/uploads\/sites\/2\/2025\/04\/https___cdn.evbuc_.com_images_975954113_177077089162_1_original-1024x683.jpg\" alt=\"\" class=\"wp-image-211\" srcset=\"https:\/\/weinundkultur.eu\/at\/wp-content\/uploads\/sites\/2\/2025\/04\/https___cdn.evbuc_.com_images_975954113_177077089162_1_original-1024x683.jpg 1024w, https:\/\/weinundkultur.eu\/at\/wp-content\/uploads\/sites\/2\/2025\/04\/https___cdn.evbuc_.com_images_975954113_177077089162_1_original-300x200.jpg 300w, https:\/\/weinundkultur.eu\/at\/wp-content\/uploads\/sites\/2\/2025\/04\/https___cdn.evbuc_.com_images_975954113_177077089162_1_original-768x512.jpg 768w, https:\/\/weinundkultur.eu\/at\/wp-content\/uploads\/sites\/2\/2025\/04\/https___cdn.evbuc_.com_images_975954113_177077089162_1_original.jpg 1110w\" sizes=\"(max-width: 1024px) 100vw, 1024px\" \/><\/figure>\n\n\n\n<figure class=\"wp-block-image size-large\"><img decoding=\"async\" width=\"1024\" height=\"682\" data-id=\"210\" src=\"https:\/\/weinundkultur.eu\/at\/wp-content\/uploads\/sites\/2\/2025\/04\/https___cdn.evbuc_.com_images_975953843_177077089162_1_original-1024x682.jpg\" alt=\"\" class=\"wp-image-210\" srcset=\"https:\/\/weinundkultur.eu\/at\/wp-content\/uploads\/sites\/2\/2025\/04\/https___cdn.evbuc_.com_images_975953843_177077089162_1_original-1024x682.jpg 1024w, https:\/\/weinundkultur.eu\/at\/wp-content\/uploads\/sites\/2\/2025\/04\/https___cdn.evbuc_.com_images_975953843_177077089162_1_original-300x200.jpg 300w, https:\/\/weinundkultur.eu\/at\/wp-content\/uploads\/sites\/2\/2025\/04\/https___cdn.evbuc_.com_images_975953843_177077089162_1_original-768x512.jpg 768w, https:\/\/weinundkultur.eu\/at\/wp-content\/uploads\/sites\/2\/2025\/04\/https___cdn.evbuc_.com_images_975953843_177077089162_1_original.jpg 1111w\" sizes=\"(max-width: 1024px) 100vw, 1024px\" \/><\/figure>\n\n\n\n<figure class=\"wp-block-image size-large\"><img loading=\"lazy\" decoding=\"async\" width=\"1024\" height=\"683\" data-id=\"209\" src=\"https:\/\/weinundkultur.eu\/at\/wp-content\/uploads\/sites\/2\/2025\/04\/https___cdn.evbuc_.com_images_975953413_177077089162_1_original-1024x683.jpg\" alt=\"\" class=\"wp-image-209\" srcset=\"https:\/\/weinundkultur.eu\/at\/wp-content\/uploads\/sites\/2\/2025\/04\/https___cdn.evbuc_.com_images_975953413_177077089162_1_original-1024x683.jpg 1024w, https:\/\/weinundkultur.eu\/at\/wp-content\/uploads\/sites\/2\/2025\/04\/https___cdn.evbuc_.com_images_975953413_177077089162_1_original-300x200.jpg 300w, https:\/\/weinundkultur.eu\/at\/wp-content\/uploads\/sites\/2\/2025\/04\/https___cdn.evbuc_.com_images_975953413_177077089162_1_original-768x512.jpg 768w, https:\/\/weinundkultur.eu\/at\/wp-content\/uploads\/sites\/2\/2025\/04\/https___cdn.evbuc_.com_images_975953413_177077089162_1_original.jpg 1109w\" sizes=\"(max-width: 1024px) 100vw, 1024px\" \/><\/figure>\n\n\n\n<figure class=\"wp-block-image size-large\"><img loading=\"lazy\" decoding=\"async\" width=\"1024\" height=\"503\" data-id=\"208\" src=\"https:\/\/weinundkultur.eu\/at\/wp-content\/uploads\/sites\/2\/2025\/04\/https___cdn.evbuc_.com_images_975953103_177077089162_1_original-1024x503.jpg\" alt=\"\" class=\"wp-image-208\" srcset=\"https:\/\/weinundkultur.eu\/at\/wp-content\/uploads\/sites\/2\/2025\/04\/https___cdn.evbuc_.com_images_975953103_177077089162_1_original-1024x503.jpg 1024w, https:\/\/weinundkultur.eu\/at\/wp-content\/uploads\/sites\/2\/2025\/04\/https___cdn.evbuc_.com_images_975953103_177077089162_1_original-300x147.jpg 300w, https:\/\/weinundkultur.eu\/at\/wp-content\/uploads\/sites\/2\/2025\/04\/https___cdn.evbuc_.com_images_975953103_177077089162_1_original-768x377.jpg 768w, https:\/\/weinundkultur.eu\/at\/wp-content\/uploads\/sites\/2\/2025\/04\/https___cdn.evbuc_.com_images_975953103_177077089162_1_original.jpg 1200w\" sizes=\"(max-width: 1024px) 100vw, 1024px\" \/><\/figure>\n\n\n\n<figure class=\"wp-block-image size-large\"><img loading=\"lazy\" decoding=\"async\" width=\"1024\" height=\"683\" data-id=\"207\" src=\"https:\/\/weinundkultur.eu\/at\/wp-content\/uploads\/sites\/2\/2025\/04\/https___cdn.evbuc_.com_images_975952793_177077089162_1_original-1024x683.jpg\" alt=\"\" class=\"wp-image-207\" srcset=\"https:\/\/weinundkultur.eu\/at\/wp-content\/uploads\/sites\/2\/2025\/04\/https___cdn.evbuc_.com_images_975952793_177077089162_1_original-1024x683.jpg 1024w, https:\/\/weinundkultur.eu\/at\/wp-content\/uploads\/sites\/2\/2025\/04\/https___cdn.evbuc_.com_images_975952793_177077089162_1_original-300x200.jpg 300w, https:\/\/weinundkultur.eu\/at\/wp-content\/uploads\/sites\/2\/2025\/04\/https___cdn.evbuc_.com_images_975952793_177077089162_1_original-768x512.jpg 768w, https:\/\/weinundkultur.eu\/at\/wp-content\/uploads\/sites\/2\/2025\/04\/https___cdn.evbuc_.com_images_975952793_177077089162_1_original.jpg 1110w\" sizes=\"(max-width: 1024px) 100vw, 1024px\" \/><\/figure>\n\n\n\n<figure class=\"wp-block-image size-large\"><img loading=\"lazy\" decoding=\"async\" width=\"1024\" height=\"683\" data-id=\"206\" src=\"https:\/\/weinundkultur.eu\/at\/wp-content\/uploads\/sites\/2\/2025\/04\/https___cdn.evbuc_.com_images_975924953_177077089162_1_original-1024x683.jpg\" alt=\"\" class=\"wp-image-206\" srcset=\"https:\/\/weinundkultur.eu\/at\/wp-content\/uploads\/sites\/2\/2025\/04\/https___cdn.evbuc_.com_images_975924953_177077089162_1_original-1024x683.jpg 1024w, https:\/\/weinundkultur.eu\/at\/wp-content\/uploads\/sites\/2\/2025\/04\/https___cdn.evbuc_.com_images_975924953_177077089162_1_original-300x200.jpg 300w, https:\/\/weinundkultur.eu\/at\/wp-content\/uploads\/sites\/2\/2025\/04\/https___cdn.evbuc_.com_images_975924953_177077089162_1_original-768x512.jpg 768w, https:\/\/weinundkultur.eu\/at\/wp-content\/uploads\/sites\/2\/2025\/04\/https___cdn.evbuc_.com_images_975924953_177077089162_1_original.jpg 1110w\" sizes=\"(max-width: 1024px) 100vw, 1024px\" \/><\/figure>\n\n\n\n<figure class=\"wp-block-image size-large\"><img loading=\"lazy\" decoding=\"async\" width=\"493\" height=\"740\" data-id=\"204\" src=\"https:\/\/weinundkultur.eu\/at\/wp-content\/uploads\/sites\/2\/2025\/04\/https___cdn.evbuc_.com_images_975955173_177077089162_1_original.jpg\" alt=\"\" class=\"wp-image-204\" srcset=\"https:\/\/weinundkultur.eu\/at\/wp-content\/uploads\/sites\/2\/2025\/04\/https___cdn.evbuc_.com_images_975955173_177077089162_1_original.jpg 493w, https:\/\/weinundkultur.eu\/at\/wp-content\/uploads\/sites\/2\/2025\/04\/https___cdn.evbuc_.com_images_975955173_177077089162_1_original-200x300.jpg 200w\" sizes=\"(max-width: 493px) 100vw, 493px\" \/><\/figure>\n\n\n\n<figure class=\"wp-block-image size-large\"><img loading=\"lazy\" decoding=\"async\" width=\"740\" height=\"740\" data-id=\"205\" src=\"https:\/\/weinundkultur.eu\/at\/wp-content\/uploads\/sites\/2\/2025\/04\/https___cdn.evbuc_.com_images_975924313_177077089162_1_original.jpg\" alt=\"\" class=\"wp-image-205\" srcset=\"https:\/\/weinundkultur.eu\/at\/wp-content\/uploads\/sites\/2\/2025\/04\/https___cdn.evbuc_.com_images_975924313_177077089162_1_original.jpg 740w, https:\/\/weinundkultur.eu\/at\/wp-content\/uploads\/sites\/2\/2025\/04\/https___cdn.evbuc_.com_images_975924313_177077089162_1_original-300x300.jpg 300w, https:\/\/weinundkultur.eu\/at\/wp-content\/uploads\/sites\/2\/2025\/04\/https___cdn.evbuc_.com_images_975924313_177077089162_1_original-150x150.jpg 150w\" sizes=\"(max-width: 740px) 100vw, 740px\" \/><\/figure>\n<\/figure>\n","protected":false},"excerpt":{"rendered":"<p>Genu\u00dfveranstaltung mit 13 italienischen Winzer-Innen, Buffet und aperitivi in Wien &#8211; Urlaub in der Villa Liverzano und Doppelmagnum zu gewinnen! Eine exklusive Genussveranstaltung mit 13 Winzer-innen aus ganz Italien erwartet Sie am Mo. 28.4. im Ristorante il Cavalluccio im Zentrum von Wien! Genie\u00dfen Sie gemeinsam mit den Produzent-Innen Weine aus den prominentesten Weinbaugebieten Italiens, von [&hellip;]<\/p>\n","protected":false},"author":1,"featured_media":0,"parent":0,"menu_order":0,"comment_status":"closed","ping_status":"closed","template":"","meta":{"_acf_changed":false,"footnotes":""},"folder":[7],"class_list":["post-200","page","type-page","status-publish","hentry"],"acf":[],"_links":{"self":[{"href":"https:\/\/weinundkultur.eu\/at\/wp-json\/wp\/v2\/pages\/200","targetHints":{"allow":["GET"]}}],"collection":[{"href":"https:\/\/weinundkultur.eu\/at\/wp-json\/wp\/v2\/pages"}],"about":[{"href":"https:\/\/weinundkultur.eu\/at\/wp-json\/wp\/v2\/types\/page"}],"author":[{"embeddable":true,"href":"https:\/\/weinundkultur.eu\/at\/wp-json\/wp\/v2\/users\/1"}],"replies":[{"embeddable":true,"href":"https:\/\/weinundkultur.eu\/at\/wp-json\/wp\/v2\/comments?post=200"}],"version-history":[{"count":16,"href":"https:\/\/weinundkultur.eu\/at\/wp-json\/wp\/v2\/pages\/200\/revisions"}],"predecessor-version":[{"id":772,"href":"https:\/\/weinundkultur.eu\/at\/wp-json\/wp\/v2\/pages\/200\/revisions\/772"}],"wp:attachment":[{"href":"https:\/\/weinundkultur.eu\/at\/wp-json\/wp\/v2\/media?parent=200"}],"wp:term":[{"taxonomy":"folder","embeddable":true,"href":"https:\/\/weinundkultur.eu\/at\/wp-json\/wp\/v2\/folder?post=200"}],"curies":[{"name":"wp","href":"https:\/\/api.w.org\/{rel}","templated":true}]}}