{"id":70,"date":"2025-04-02T19:17:07","date_gmt":"2025-04-02T19:17:07","guid":{"rendered":"https:\/\/weinundkultur.eu\/at\/?page_id=70"},"modified":"2025-10-02T09:41:27","modified_gmt":"2025-10-02T09:41:27","slug":"ueber-uns","status":"publish","type":"page","link":"https:\/\/weinundkultur.eu\/at\/ueber-uns\/","title":{"rendered":"\u00dcber Uns"},"content":{"rendered":"\t\t<div data-elementor-type=\"wp-page\" data-elementor-id=\"70\" class=\"elementor elementor-70\" data-elementor-post-type=\"page\">\n\t\t\t\t<div class=\"elementor-element elementor-element-98ddd8b e-flex e-con-boxed e-con e-parent\" data-id=\"98ddd8b\" data-element_type=\"container\">\n\t\t\t\t\t<div class=\"e-con-inner\">\n\t\t\t\t<div class=\"elementor-element elementor-element-5d9d2826 elementor-widget elementor-widget-heading\" data-id=\"5d9d2826\" data-element_type=\"widget\" data-widget_type=\"heading.default\">\n\t\t\t\t<div class=\"elementor-widget-container\">\n\t\t\t\t\t<h2 class=\"elementor-heading-title elementor-size-default\">\u00dcber Uns<\/h2>\t\t\t\t<\/div>\n\t\t\t\t<\/div>\n\t\t\t\t\t<\/div>\n\t\t\t\t<\/div>\n\t\t<div class=\"elementor-element elementor-element-72598ed5 e-flex e-con-boxed e-con e-parent\" data-id=\"72598ed5\" data-element_type=\"container\">\n\t\t\t\t\t<div class=\"e-con-inner\">\n\t\t<div class=\"elementor-element elementor-element-1420c815 e-con-full e-flex e-con e-child\" data-id=\"1420c815\" data-element_type=\"container\">\n\t\t\t\t<div class=\"elementor-element elementor-element-72da6f05 elementor-widget elementor-widget-text-editor\" data-id=\"72da6f05\" data-element_type=\"widget\" data-widget_type=\"text-editor.default\">\n\t\t\t\t<div class=\"elementor-widget-container\">\n\t\t\t\t\t\t\t\t\t<p><strong>Christian Bauer<br \/><\/strong>\u201eW\u00e4hrend der 20 Jahre, die ich in Italien lebte, konnte ich wirklich viele (W)eindr\u00fccke sammeln! In Mailand machte ich eine Sommelierausbildung bei ONAV (Organizzazione Nazionale Assaggiatori di Vino), zahlreiche Reisen in alle relevanten Weinregionen erm\u00f6glichten mir einen Einblick in die italienische Weinwelt. Die Anbaufl\u00e4che ist 15 Mal so gro\u00df wie in \u00d6sterreich und \u00fcber 500 typische DOC-DOCG und IGT-Weine wollen erkundet werden!\u201c<\/p>\n<p><!-- \/wp:paragraph --><!-- wp:paragraph --><\/p>\n<p><strong>Marina Rebora<br \/><\/strong>\u201eNeben einer Ausbildung zur \u201eWeinexpertin\u201c an der WIFI Wien widme ich mich gern italienischen K\u00e4sen, in Mailand habe ich bei ONAF (Organizzazione Nazionale Assaggiatori di Formaggi) einen K\u00e4severkosterkurs besucht. Auch wenn ich Italienisch unterrichte, gebe ich gern ein St\u00fcck Kultur meines Landes weiter.\u201c<\/p>\n<p><!-- \/wp:paragraph --><!-- wp:paragraph --><\/p>\n<p><strong>Wein&amp;Kultur<br \/><\/strong>Gemeinsam verbinden wir \u00d6sterreich und Italien, was Wein und Spezialit\u00e4ten betrifft \u2013 eine \u201eBerufung\u201c, die zum Job geworden ist. Die regionalen Besonderheiten Italiens schmackhaft zu machen ist unsere Aufgabe, nicht Mainstream-Produkte, sondern die autochthonen Weine, die eine lange Tradition aufweisen.<\/p>\n<p><!-- \/wp:paragraph --><!-- wp:paragraph {\"fontSize\":\"medium\"} --><\/p>\n<p>\u201eBei unserer Veranstaltung Selezione Italia treffen sich Qualit\u00e4tsproduzenten, die wir pers\u00f6nlich kennen, mit \u00f6sterreichischen Weinprofis, die an Italien interessiert sind. Wir unterst\u00fctzen gern anschlie\u00dfend die \u00f6sterreichische Seite bei der Auswahl der richtigen Produzenten und Weine bzw. Spezialit\u00e4ten, helfen bei der Kommunikation und f\u00f6rdern den Verkauf durch die Organisation von Verkostungen.\u00a0<\/p>\t\t\t\t\t\t\t\t<\/div>\n\t\t\t\t<\/div>\n\t\t\t\t<\/div>\n\t\t<div class=\"elementor-element elementor-element-3d9efc94 e-con-full e-flex e-con e-child\" data-id=\"3d9efc94\" data-element_type=\"container\">\n\t\t\t\t<div class=\"elementor-element elementor-element-3f3a6e61 elementor-widget elementor-widget-image\" data-id=\"3f3a6e61\" data-element_type=\"widget\" data-widget_type=\"image.default\">\n\t\t\t\t<div class=\"elementor-widget-container\">\n\t\t\t\t\t\t\t\t\t\t\t\t\t\t\t<img fetchpriority=\"high\" decoding=\"async\" width=\"800\" height=\"800\" src=\"https:\/\/weinundkultur.eu\/at\/wp-content\/uploads\/sites\/2\/2025\/09\/noi-quadr-1024x1024.jpg\" class=\"attachment-large size-large wp-image-1104\" alt=\"\" srcset=\"https:\/\/weinundkultur.eu\/at\/wp-content\/uploads\/sites\/2\/2025\/09\/noi-quadr-1024x1024.jpg 1024w, https:\/\/weinundkultur.eu\/at\/wp-content\/uploads\/sites\/2\/2025\/09\/noi-quadr-300x300.jpg 300w, https:\/\/weinundkultur.eu\/at\/wp-content\/uploads\/sites\/2\/2025\/09\/noi-quadr-150x150.jpg 150w, https:\/\/weinundkultur.eu\/at\/wp-content\/uploads\/sites\/2\/2025\/09\/noi-quadr-768x768.jpg 768w, https:\/\/weinundkultur.eu\/at\/wp-content\/uploads\/sites\/2\/2025\/09\/noi-quadr-1536x1536.jpg 1536w, https:\/\/weinundkultur.eu\/at\/wp-content\/uploads\/sites\/2\/2025\/09\/noi-quadr.jpg 1621w\" sizes=\"(max-width: 800px) 100vw, 800px\" \/>\t\t\t\t\t\t\t\t\t\t\t\t\t\t\t<\/div>\n\t\t\t\t<\/div>\n\t\t\t\t<\/div>\n\t\t\t\t\t<\/div>\n\t\t\t\t<\/div>\n\t\t<div class=\"elementor-element elementor-element-4a2f28a7 e-flex e-con-boxed e-con e-parent\" data-id=\"4a2f28a7\" data-element_type=\"container\">\n\t\t\t\t\t<div class=\"e-con-inner\">\n\t\t<div class=\"elementor-element elementor-element-3225bbf0 e-con-full e-flex e-con e-child\" data-id=\"3225bbf0\" data-element_type=\"container\">\n\t\t\t\t<div class=\"elementor-element elementor-element-3702e0a3 elementor-vertical-align-top elementor-widget elementor-widget-image-box\" data-id=\"3702e0a3\" data-element_type=\"widget\" data-widget_type=\"image-box.default\">\n\t\t\t\t<div class=\"elementor-widget-container\">\n\t\t\t\t\t<div class=\"elementor-image-box-wrapper\"><div class=\"elementor-image-box-content\"><h3 class=\"elementor-image-box-title\">Wein &amp; kultur<\/h3><p class=\"elementor-image-box-description\">Leegasse 4\/10<br>1140 Vienna<br>Austria<\/p><\/div><\/div>\t\t\t\t<\/div>\n\t\t\t\t<\/div>\n\t\t\t\t<\/div>\n\t\t<div class=\"elementor-element elementor-element-44a78678 e-con-full e-flex e-con e-child\" data-id=\"44a78678\" data-element_type=\"container\">\n\t\t\t\t<div class=\"elementor-element elementor-element-6c3f4fd2 elementor-position-left elementor-position-left elementor-vertical-align-top elementor-widget elementor-widget-image-box\" data-id=\"6c3f4fd2\" data-element_type=\"widget\" data-widget_type=\"image-box.default\">\n\t\t\t\t<div class=\"elementor-widget-container\">\n\t\t\t\t\t<div class=\"elementor-image-box-wrapper\"><figure class=\"elementor-image-box-img\"><img decoding=\"async\" width=\"150\" height=\"150\" src=\"https:\/\/weinundkultur.eu\/at\/wp-content\/uploads\/sites\/2\/2025\/09\/1.png\" class=\"attachment-full size-full wp-image-1102\" alt=\"\" \/><\/figure><div class=\"elementor-image-box-content\"><h3 class=\"elementor-image-box-title\">Christian Bauer<\/h3><p class=\"elementor-image-box-description\">christian@weinundkultur.eu<br>+43 699 1947 8171<br>(whatsapp)<\/p><\/div><\/div>\t\t\t\t<\/div>\n\t\t\t\t<\/div>\n\t\t\t\t<\/div>\n\t\t<div class=\"elementor-element elementor-element-453b7b8a e-con-full e-flex e-con e-child\" data-id=\"453b7b8a\" data-element_type=\"container\">\n\t\t\t\t<div class=\"elementor-element elementor-element-79d05f28 elementor-position-left elementor-vertical-align-top elementor-widget elementor-widget-image-box\" data-id=\"79d05f28\" data-element_type=\"widget\" data-widget_type=\"image-box.default\">\n\t\t\t\t<div class=\"elementor-widget-container\">\n\t\t\t\t\t<div class=\"elementor-image-box-wrapper\"><figure class=\"elementor-image-box-img\"><img decoding=\"async\" width=\"150\" height=\"150\" src=\"https:\/\/weinundkultur.eu\/at\/wp-content\/uploads\/sites\/2\/2025\/09\/2.png\" class=\"attachment-full size-full wp-image-1103\" alt=\"\" \/><\/figure><div class=\"elementor-image-box-content\"><h3 class=\"elementor-image-box-title\">MARINA REBORA<\/h3><p class=\"elementor-image-box-description\">marina@weinundkultur.eu<br>+43 699 1808 3121<br>+39 328 326 7975<\/p><\/div><\/div>\t\t\t\t<\/div>\n\t\t\t\t<\/div>\n\t\t\t\t<\/div>\n\t\t\t\t\t<\/div>\n\t\t\t\t<\/div>\n\t\t\t\t<\/div>\n\t\t","protected":false},"excerpt":{"rendered":"<p>\u00dcber Uns Christian Bauer\u201eW\u00e4hrend der 20 Jahre, die ich in Italien lebte, konnte ich wirklich viele (W)eindr\u00fccke sammeln! In Mailand machte ich eine Sommelierausbildung bei ONAV (Organizzazione Nazionale Assaggiatori di Vino), zahlreiche Reisen in alle relevanten Weinregionen erm\u00f6glichten mir einen Einblick in die italienische Weinwelt. Die Anbaufl\u00e4che ist 15 Mal so gro\u00df wie in \u00d6sterreich [&hellip;]<\/p>\n","protected":false},"author":1,"featured_media":0,"parent":0,"menu_order":0,"comment_status":"closed","ping_status":"closed","template":"elementor_header_footer","meta":{"_acf_changed":false,"footnotes":""},"folder":[8],"class_list":["post-70","page","type-page","status-publish","hentry"],"acf":[],"_links":{"self":[{"href":"https:\/\/weinundkultur.eu\/at\/wp-json\/wp\/v2\/pages\/70","targetHints":{"allow":["GET"]}}],"collection":[{"href":"https:\/\/weinundkultur.eu\/at\/wp-json\/wp\/v2\/pages"}],"about":[{"href":"https:\/\/weinundkultur.eu\/at\/wp-json\/wp\/v2\/types\/page"}],"author":[{"embeddable":true,"href":"https:\/\/weinundkultur.eu\/at\/wp-json\/wp\/v2\/users\/1"}],"replies":[{"embeddable":true,"href":"https:\/\/weinundkultur.eu\/at\/wp-json\/wp\/v2\/comments?post=70"}],"version-history":[{"count":20,"href":"https:\/\/weinundkultur.eu\/at\/wp-json\/wp\/v2\/pages\/70\/revisions"}],"predecessor-version":[{"id":2245,"href":"https:\/\/weinundkultur.eu\/at\/wp-json\/wp\/v2\/pages\/70\/revisions\/2245"}],"wp:attachment":[{"href":"https:\/\/weinundkultur.eu\/at\/wp-json\/wp\/v2\/media?parent=70"}],"wp:term":[{"taxonomy":"folder","embeddable":true,"href":"https:\/\/weinundkultur.eu\/at\/wp-json\/wp\/v2\/folder?post=70"}],"curies":[{"name":"wp","href":"https:\/\/api.w.org\/{rel}","templated":true}]}}