{"id":84,"date":"2025-04-03T09:57:37","date_gmt":"2025-04-03T09:57:37","guid":{"rendered":"https:\/\/weinundkultur.eu\/at\/?page_id=84"},"modified":"2025-09-23T09:42:06","modified_gmt":"2025-09-23T09:42:06","slug":"partner","status":"publish","type":"page","link":"https:\/\/weinundkultur.eu\/at\/partner\/","title":{"rendered":"Partner"},"content":{"rendered":"\t\t<div data-elementor-type=\"wp-page\" data-elementor-id=\"84\" class=\"elementor elementor-84\" data-elementor-post-type=\"page\">\n\t\t\t\t<div class=\"elementor-element elementor-element-9fa1ed8 e-flex e-con-boxed e-con e-parent\" data-id=\"9fa1ed8\" data-element_type=\"container\">\n\t\t\t\t\t<div class=\"e-con-inner\">\n\t\t\t\t<div class=\"elementor-element elementor-element-28d41c3 elementor-widget elementor-widget-heading\" data-id=\"28d41c3\" data-element_type=\"widget\" data-widget_type=\"heading.default\">\n\t\t\t\t<div class=\"elementor-widget-container\">\n\t\t\t\t\t<h2 class=\"elementor-heading-title elementor-size-default\">Partner<\/h2>\t\t\t\t<\/div>\n\t\t\t\t<\/div>\n\t\t\t\t\t<\/div>\n\t\t\t\t<\/div>\n\t\t<div class=\"elementor-element elementor-element-67c0fdb e-flex e-con-boxed e-con e-parent\" data-id=\"67c0fdb\" data-element_type=\"container\">\n\t\t\t\t\t<div class=\"e-con-inner\">\n\t\t\t\t<div class=\"elementor-element elementor-element-72819b0d elementor-widget elementor-widget-text-editor\" data-id=\"72819b0d\" data-element_type=\"widget\" data-widget_type=\"text-editor.default\">\n\t\t\t\t<div class=\"elementor-widget-container\">\n\t\t\t\t\t\t\t\t\t\n<p><\/p>\n\n\n\n<div class=\"wp-block-columns are-vertically-aligned-center is-layout-flex wp-container-core-columns-is-layout-d0b3c9c8 wp-block-columns-is-layout-flex\">\n<div class=\"wp-block-column is-vertically-aligned-center is-layout-flow wp-block-column-is-layout-flow\" style=\"--col-width:33%;flex-basis:33%\">\n<div class=\"wp-block-group is-vertical is-content-justification-center is-nowrap is-layout-flex wp-container-core-group-is-layout-0cccff33 wp-block-group-is-layout-flex\">\n<figure class=\"wp-block-image size-full\"><a href=\"http:\/\/www.1130wein.at\/page\/homepage\" target=\"_blank\" rel=\" noreferrer noopener\"><img decoding=\"async\" width=\"128\" height=\"116\" src=\"https:\/\/weinundkultur.eu\/at\/wp-content\/uploads\/sites\/2\/2025\/04\/1130.png\" alt=\"\" class=\"wp-image-86\"\/><\/a><\/figure>\n\n\n\n<div class=\"wp-block-group is-vertical is-content-justification-center is-nowrap is-layout-flex wp-container-core-group-is-layout-fb6d1981 wp-block-group-is-layout-flex\" style=\"padding-top:var(--wp--preset--spacing--50);padding-bottom:var(--wp--preset--spacing--50)\">\n<figure class=\"wp-block-image size-full\"><a href=\"https:\/\/www.kastner.at\/gastronomie\/alleswein\" target=\"_blank\" rel=\" noreferrer noopener\"><img fetchpriority=\"high\" decoding=\"async\" width=\"411\" height=\"137\" src=\"https:\/\/weinundkultur.eu\/at\/wp-content\/uploads\/sites\/2\/2025\/04\/kastner-gruppe-logo.jpg\" alt=\"\" class=\"wp-image-92\" srcset=\"https:\/\/weinundkultur.eu\/at\/wp-content\/uploads\/sites\/2\/2025\/04\/kastner-gruppe-logo.jpg 411w, https:\/\/weinundkultur.eu\/at\/wp-content\/uploads\/sites\/2\/2025\/04\/kastner-gruppe-logo-300x100.jpg 300w\" sizes=\"(max-width: 411px) 100vw, 411px\" \/><\/a><\/figure>\n<\/div>\n<\/div>\n<\/div>\n\n\n\n<div class=\"wp-block-column is-vertically-aligned-center is-layout-flow wp-block-column-is-layout-flow\" style=\"--col-width:33%;flex-basis:33%\">\n<div class=\"wp-block-group is-vertical is-content-justification-center is-nowrap is-layout-flex wp-container-core-group-is-layout-0cccff33 wp-block-group-is-layout-flex\">\n<figure class=\"wp-block-image size-full\"><a href=\"https:\/\/www.barolista.at\/\" target=\"_blank\" rel=\" noreferrer noopener\"><img decoding=\"async\" width=\"300\" height=\"60\" src=\"https:\/\/weinundkultur.eu\/at\/wp-content\/uploads\/sites\/2\/2025\/04\/barolista.png\" alt=\"\" class=\"wp-image-87\"\/><\/a><\/figure>\n\n\n\n<div class=\"wp-block-group is-vertical is-nowrap is-layout-flex wp-container-core-group-is-layout-1098dee6 wp-block-group-is-layout-flex\" style=\"padding-top:var(--wp--preset--spacing--50);padding-bottom:var(--wp--preset--spacing--50)\">\n<figure class=\"wp-block-image size-full\"><a href=\"https:\/\/www.sophienwald.com\/\" target=\"_blank\" rel=\" noreferrer noopener\"><img loading=\"lazy\" decoding=\"async\" width=\"291\" height=\"150\" src=\"https:\/\/weinundkultur.eu\/at\/wp-content\/uploads\/sites\/2\/2025\/04\/sophienwald-logo.png\" alt=\"\" class=\"wp-image-91\"\/><\/a><\/figure>\n<\/div>\n<\/div>\n<\/div>\n\n\n\n<div class=\"wp-block-column is-vertically-aligned-center is-layout-flow wp-block-column-is-layout-flow\" style=\"--col-width:33%;flex-basis:33%\">\n<div class=\"wp-block-group is-vertical is-content-justification-center is-nowrap is-layout-flex wp-container-core-group-is-layout-1eaca670 wp-block-group-is-layout-flex\" style=\"padding-top:0;padding-bottom:0\">\n<figure class=\"wp-block-image size-full\" style=\"margin-top:var(--wp--preset--spacing--40);margin-bottom:var(--wp--preset--spacing--40)\"><a href=\"https:\/\/tuttovino.at\/\" target=\"_blank\" rel=\" noreferrer noopener\"><img loading=\"lazy\" decoding=\"async\" width=\"300\" height=\"71\" src=\"https:\/\/weinundkultur.eu\/at\/wp-content\/uploads\/sites\/2\/2025\/04\/Logo-complete_small-1.png\" alt=\"\" class=\"wp-image-90\"\/><\/a><\/figure>\n\n\n\n<div class=\"wp-block-group is-vertical is-nowrap is-layout-flex wp-container-core-group-is-layout-4fdd118c wp-block-group-is-layout-flex\" style=\"padding-top:var(--wp--preset--spacing--70);padding-bottom:var(--wp--preset--spacing--70)\">\n<figure class=\"wp-block-image size-full\"><a href=\"https:\/\/www.oesterreichwein.at\/\" target=\"_blank\" rel=\" noreferrer noopener\"><img loading=\"lazy\" decoding=\"async\" width=\"327\" height=\"55\" src=\"https:\/\/weinundkultur.eu\/at\/wp-content\/uploads\/sites\/2\/2025\/04\/WM.gif\" alt=\"\" class=\"wp-image-85\"\/><\/a><\/figure>\n<\/div>\n<\/div>\n<\/div>\n<\/div>\n\n\n\n<div class=\"wp-block-group is-content-justification-right is-nowrap is-layout-flex wp-container-core-group-is-layout-17124a9a wp-block-group-is-layout-flex\">\n<figure class=\"wp-block-image size-full\"><img loading=\"lazy\" decoding=\"async\" width=\"300\" height=\"133\" src=\"https:\/\/weinundkultur.eu\/at\/wp-content\/uploads\/sites\/2\/2025\/04\/logo_italissimo_500px-300x133-1.gif\" alt=\"\" class=\"wp-image-88\"\/><\/figure>\n\n\n\n<p class=\"has-text-align-left has-small-font-size wp-container-content-fad590e5\">Ein neuartiges Webportal f\u00fcr Freunde der Italienischen Lebensart.<br>Eine unterhaltsame Mischung aus Blogbeitr\u00e4gen, Unternehmenspr\u00e4sentationen und Veranstaltungstipps gekoppelt mit einem Reiseveranstalter mit Fokus auf Genussreisen bzw. Sprachreisen nach Italien.<\/p>\n<\/div>\n\n\n\n<div class=\"wp-block-group is-content-justification-right is-nowrap is-layout-flex wp-container-core-group-is-layout-17124a9a wp-block-group-is-layout-flex\">\n<figure class=\"wp-block-image size-full\"><img loading=\"lazy\" decoding=\"async\" width=\"300\" height=\"116\" src=\"https:\/\/weinundkultur.eu\/at\/wp-content\/uploads\/sites\/2\/2025\/04\/Logo-Art-of-Silence-300x116-1.jpg\" alt=\"\" class=\"wp-image-104\"\/><\/figure>\n\n\n\n<p class=\"has-small-font-size wp-container-content-fad590e5\"><a href=\"http:\/\/www.artofsilence.at\/\" target=\"_blank\" rel=\"noreferrer noopener\">Joe Haider Art of Silence<\/a><\/p>\n<\/div>\n\n\n\n<p><\/p>\n\t\t\t\t\t\t\t\t<\/div>\n\t\t\t\t<\/div>\n\t\t\t\t\t<\/div>\n\t\t\t\t<\/div>\n\t\t\t\t<\/div>\n\t\t","protected":false},"excerpt":{"rendered":"<p>Partner Ein neuartiges Webportal f\u00fcr Freunde der Italienischen Lebensart.Eine unterhaltsame Mischung aus Blogbeitr\u00e4gen, Unternehmenspr\u00e4sentationen und Veranstaltungstipps gekoppelt mit einem Reiseveranstalter mit Fokus auf Genussreisen bzw. Sprachreisen nach Italien. Joe Haider Art of Silence<\/p>\n","protected":false},"author":1,"featured_media":0,"parent":0,"menu_order":0,"comment_status":"closed","ping_status":"closed","template":"elementor_header_footer","meta":{"_acf_changed":false,"footnotes":""},"folder":[8],"class_list":["post-84","page","type-page","status-publish","hentry"],"acf":[],"_links":{"self":[{"href":"https:\/\/weinundkultur.eu\/at\/wp-json\/wp\/v2\/pages\/84","targetHints":{"allow":["GET"]}}],"collection":[{"href":"https:\/\/weinundkultur.eu\/at\/wp-json\/wp\/v2\/pages"}],"about":[{"href":"https:\/\/weinundkultur.eu\/at\/wp-json\/wp\/v2\/types\/page"}],"author":[{"embeddable":true,"href":"https:\/\/weinundkultur.eu\/at\/wp-json\/wp\/v2\/users\/1"}],"replies":[{"embeddable":true,"href":"https:\/\/weinundkultur.eu\/at\/wp-json\/wp\/v2\/comments?post=84"}],"version-history":[{"count":19,"href":"https:\/\/weinundkultur.eu\/at\/wp-json\/wp\/v2\/pages\/84\/revisions"}],"predecessor-version":[{"id":1437,"href":"https:\/\/weinundkultur.eu\/at\/wp-json\/wp\/v2\/pages\/84\/revisions\/1437"}],"wp:attachment":[{"href":"https:\/\/weinundkultur.eu\/at\/wp-json\/wp\/v2\/media?parent=84"}],"wp:term":[{"taxonomy":"folder","embeddable":true,"href":"https:\/\/weinundkultur.eu\/at\/wp-json\/wp\/v2\/folder?post=84"}],"curies":[{"name":"wp","href":"https:\/\/api.w.org\/{rel}","templated":true}]}}